{"id":9655,"date":"2023-05-05T16:41:09","date_gmt":"2023-05-05T14:41:09","guid":{"rendered":"https:\/\/www.koro.net.pl\/carrito\/"},"modified":"2026-05-13T12:11:03","modified_gmt":"2026-05-13T10:11:03","slug":"carrito","status":"publish","type":"page","link":"https:\/\/www.koro.net.pl\/es\/carrito\/","title":{"rendered":"Carrito"},"content":{"rendered":"\n","protected":false},"excerpt":{"rendered":"","protected":false},"author":2,"featured_media":0,"parent":0,"menu_order":14,"comment_status":"closed","ping_status":"closed","template":"","meta":{"_acf_changed":false,"footnotes":""},"class_list":["post-9655","page","type-page","status-publish","hentry"],"acf":[],"yoast_head":"<!-- This site is optimized with the Yoast SEO plugin v27.5 - https:\/\/yoast.com\/product\/yoast-seo-wordpress\/ -->\n<title>Carrito - Koronet<\/title>\n<meta name=\"description\" content=\"Carrito - dowiedz si\u0119 wi\u0119cej na naszej stronie. Koronet \u27a4 Centrum pi\u0142 i narz\u0119dzi skrawaj\u0105cych \u2705. Zapraszamy do zakup\u00f3w!\" \/>\n<meta name=\"robots\" content=\"noindex, follow\" \/>\n<meta property=\"og:locale\" content=\"es_ES\" \/>\n<meta property=\"og:type\" content=\"article\" \/>\n<meta property=\"og:title\" content=\"Carrito - Koronet\" \/>\n<meta property=\"og:description\" content=\"Carrito - dowiedz si\u0119 wi\u0119cej na naszej stronie. Koronet \u27a4 Centrum pi\u0142 i narz\u0119dzi skrawaj\u0105cych \u2705. Zapraszamy do zakup\u00f3w!\" \/>\n<meta property=\"og:url\" content=\"https:\/\/www.koro.net.pl\/es\/carrito\/\" \/>\n<meta property=\"og:site_name\" content=\"Koronet\" \/>\n<meta property=\"article:modified_time\" content=\"2026-05-13T10:11:03+00:00\" \/>\n<meta name=\"twitter:card\" content=\"summary_large_image\" \/>\n<meta name=\"twitter:label1\" content=\"Tiempo de lectura\" \/>\n\t<meta name=\"twitter:data1\" content=\"1 minuto\" \/>\n<script type=\"application\/ld+json\" class=\"yoast-schema-graph\">{\"@context\":\"https:\\\/\\\/schema.org\",\"@graph\":[{\"@type\":\"WebPage\",\"@id\":\"https:\\\/\\\/www.koro.net.pl\\\/es\\\/carrito\\\/\",\"url\":\"https:\\\/\\\/www.koro.net.pl\\\/es\\\/carrito\\\/\",\"name\":\"Carrito - Koronet\",\"isPartOf\":{\"@id\":\"https:\\\/\\\/www.koro.net.pl\\\/es\\\/#website\"},\"datePublished\":\"2023-05-05T14:41:09+00:00\",\"dateModified\":\"2026-05-13T10:11:03+00:00\",\"description\":\"Carrito - dowiedz si\u0119 wi\u0119cej na naszej stronie. Koronet \u27a4 Centrum pi\u0142 i narz\u0119dzi skrawaj\u0105cych \u2705. Zapraszamy do zakup\u00f3w!\",\"breadcrumb\":{\"@id\":\"https:\\\/\\\/www.koro.net.pl\\\/es\\\/carrito\\\/#breadcrumb\"},\"inLanguage\":\"es\",\"potentialAction\":[{\"@type\":\"ReadAction\",\"target\":[\"https:\\\/\\\/www.koro.net.pl\\\/es\\\/carrito\\\/\"]}]},{\"@type\":\"BreadcrumbList\",\"@id\":\"https:\\\/\\\/www.koro.net.pl\\\/es\\\/carrito\\\/#breadcrumb\",\"itemListElement\":[{\"@type\":\"ListItem\",\"position\":1,\"name\":\"Strona g\u0142\u00f3wna\",\"item\":\"https:\\\/\\\/www.koro.net.pl\\\/es\\\/\"},{\"@type\":\"ListItem\",\"position\":2,\"name\":\"Carrito\"}]},{\"@type\":\"WebSite\",\"@id\":\"https:\\\/\\\/www.koro.net.pl\\\/es\\\/#website\",\"url\":\"https:\\\/\\\/www.koro.net.pl\\\/es\\\/\",\"name\":\"Koronet\",\"description\":\"\",\"publisher\":{\"@id\":\"https:\\\/\\\/www.koro.net.pl\\\/es\\\/#organization\"},\"potentialAction\":[{\"@type\":\"SearchAction\",\"target\":{\"@type\":\"EntryPoint\",\"urlTemplate\":\"https:\\\/\\\/www.koro.net.pl\\\/es\\\/?s={search_term_string}\"},\"query-input\":{\"@type\":\"PropertyValueSpecification\",\"valueRequired\":true,\"valueName\":\"search_term_string\"}}],\"inLanguage\":\"es\"},{\"@type\":\"Organization\",\"@id\":\"https:\\\/\\\/www.koro.net.pl\\\/es\\\/#organization\",\"name\":\"Koronet\",\"alternateName\":\"Koronet\",\"url\":\"https:\\\/\\\/www.koro.net.pl\\\/es\\\/\",\"logo\":{\"@type\":\"ImageObject\",\"inLanguage\":\"es\",\"@id\":\"https:\\\/\\\/www.koro.net.pl\\\/es\\\/#\\\/schema\\\/logo\\\/image\\\/\",\"url\":\"https:\\\/\\\/www.koro.net.pl\\\/wp-content\\\/uploads\\\/2025\\\/02\\\/Koronet-spolka-z-o.o.png\",\"contentUrl\":\"https:\\\/\\\/www.koro.net.pl\\\/wp-content\\\/uploads\\\/2025\\\/02\\\/Koronet-spolka-z-o.o.png\",\"width\":696,\"height\":696,\"caption\":\"Koronet\"},\"image\":{\"@id\":\"https:\\\/\\\/www.koro.net.pl\\\/es\\\/#\\\/schema\\\/logo\\\/image\\\/\"}}]}<\/script>\n<!-- \/ Yoast SEO plugin. -->","yoast_head_json":{"title":"Carrito - Koronet","description":"Carrito - dowiedz si\u0119 wi\u0119cej na naszej stronie. Koronet \u27a4 Centrum pi\u0142 i narz\u0119dzi skrawaj\u0105cych \u2705. Zapraszamy do zakup\u00f3w!","robots":{"index":"noindex","follow":"follow"},"og_locale":"es_ES","og_type":"article","og_title":"Carrito - Koronet","og_description":"Carrito - dowiedz si\u0119 wi\u0119cej na naszej stronie. Koronet \u27a4 Centrum pi\u0142 i narz\u0119dzi skrawaj\u0105cych \u2705. Zapraszamy do zakup\u00f3w!","og_url":"https:\/\/www.koro.net.pl\/es\/carrito\/","og_site_name":"Koronet","article_modified_time":"2026-05-13T10:11:03+00:00","twitter_card":"summary_large_image","twitter_misc":{"Tiempo de lectura":"1 minuto"},"schema":{"@context":"https:\/\/schema.org","@graph":[{"@type":"WebPage","@id":"https:\/\/www.koro.net.pl\/es\/carrito\/","url":"https:\/\/www.koro.net.pl\/es\/carrito\/","name":"Carrito - Koronet","isPartOf":{"@id":"https:\/\/www.koro.net.pl\/es\/#website"},"datePublished":"2023-05-05T14:41:09+00:00","dateModified":"2026-05-13T10:11:03+00:00","description":"Carrito - dowiedz si\u0119 wi\u0119cej na naszej stronie. Koronet \u27a4 Centrum pi\u0142 i narz\u0119dzi skrawaj\u0105cych \u2705. Zapraszamy do zakup\u00f3w!","breadcrumb":{"@id":"https:\/\/www.koro.net.pl\/es\/carrito\/#breadcrumb"},"inLanguage":"es","potentialAction":[{"@type":"ReadAction","target":["https:\/\/www.koro.net.pl\/es\/carrito\/"]}]},{"@type":"BreadcrumbList","@id":"https:\/\/www.koro.net.pl\/es\/carrito\/#breadcrumb","itemListElement":[{"@type":"ListItem","position":1,"name":"Strona g\u0142\u00f3wna","item":"https:\/\/www.koro.net.pl\/es\/"},{"@type":"ListItem","position":2,"name":"Carrito"}]},{"@type":"WebSite","@id":"https:\/\/www.koro.net.pl\/es\/#website","url":"https:\/\/www.koro.net.pl\/es\/","name":"Koronet","description":"","publisher":{"@id":"https:\/\/www.koro.net.pl\/es\/#organization"},"potentialAction":[{"@type":"SearchAction","target":{"@type":"EntryPoint","urlTemplate":"https:\/\/www.koro.net.pl\/es\/?s={search_term_string}"},"query-input":{"@type":"PropertyValueSpecification","valueRequired":true,"valueName":"search_term_string"}}],"inLanguage":"es"},{"@type":"Organization","@id":"https:\/\/www.koro.net.pl\/es\/#organization","name":"Koronet","alternateName":"Koronet","url":"https:\/\/www.koro.net.pl\/es\/","logo":{"@type":"ImageObject","inLanguage":"es","@id":"https:\/\/www.koro.net.pl\/es\/#\/schema\/logo\/image\/","url":"https:\/\/www.koro.net.pl\/wp-content\/uploads\/2025\/02\/Koronet-spolka-z-o.o.png","contentUrl":"https:\/\/www.koro.net.pl\/wp-content\/uploads\/2025\/02\/Koronet-spolka-z-o.o.png","width":696,"height":696,"caption":"Koronet"},"image":{"@id":"https:\/\/www.koro.net.pl\/es\/#\/schema\/logo\/image\/"}}]}},"_links":{"self":[{"href":"https:\/\/www.koro.net.pl\/es\/wp-json\/wp\/v2\/pages\/9655","targetHints":{"allow":["GET"]}}],"collection":[{"href":"https:\/\/www.koro.net.pl\/es\/wp-json\/wp\/v2\/pages"}],"about":[{"href":"https:\/\/www.koro.net.pl\/es\/wp-json\/wp\/v2\/types\/page"}],"author":[{"embeddable":true,"href":"https:\/\/www.koro.net.pl\/es\/wp-json\/wp\/v2\/users\/2"}],"replies":[{"embeddable":true,"href":"https:\/\/www.koro.net.pl\/es\/wp-json\/wp\/v2\/comments?post=9655"}],"version-history":[{"count":2,"href":"https:\/\/www.koro.net.pl\/es\/wp-json\/wp\/v2\/pages\/9655\/revisions"}],"predecessor-version":[{"id":13128,"href":"https:\/\/www.koro.net.pl\/es\/wp-json\/wp\/v2\/pages\/9655\/revisions\/13128"}],"wp:attachment":[{"href":"https:\/\/www.koro.net.pl\/es\/wp-json\/wp\/v2\/media?parent=9655"}],"curies":[{"name":"wp","href":"https:\/\/api.w.org\/{rel}","templated":true}]}}