{"id":9654,"date":"2023-05-05T16:41:09","date_gmt":"2023-05-05T14:41:09","guid":{"rendered":"https:\/\/www.koro.net.pl\/tienda\/"},"modified":"2026-05-08T09:01:59","modified_gmt":"2026-05-08T07:01:59","slug":"tienda","status":"publish","type":"page","link":"https:\/\/www.koro.net.pl\/es\/tienda\/","title":{"rendered":"Tienda"},"content":{"rendered":"","protected":false},"excerpt":{"rendered":"","protected":false},"author":2,"featured_media":0,"parent":0,"menu_order":39,"comment_status":"closed","ping_status":"closed","template":"","meta":{"_acf_changed":false,"footnotes":""},"class_list":["post-9654","page","type-page","status-publish","hentry"],"acf":[],"yoast_head":"<!-- This site is optimized with the Yoast SEO plugin v27.5 - https:\/\/yoast.com\/product\/yoast-seo-wordpress\/ -->\n<title>Tienda - Koronet<\/title>\n<meta name=\"description\" content=\"Tienda - dowiedz si\u0119 wi\u0119cej na naszej stronie. Koronet \u27a4 Centrum pi\u0142 i narz\u0119dzi skrawaj\u0105cych \u2705. Zapraszamy do zakup\u00f3w!\" \/>\n<meta name=\"robots\" content=\"noindex, follow\" \/>\n<meta property=\"og:locale\" content=\"es_ES\" \/>\n<meta property=\"og:type\" content=\"article\" \/>\n<meta property=\"og:title\" content=\"Tienda - Koronet\" \/>\n<meta property=\"og:description\" content=\"Tienda - dowiedz si\u0119 wi\u0119cej na naszej stronie. Koronet \u27a4 Centrum pi\u0142 i narz\u0119dzi skrawaj\u0105cych \u2705. Zapraszamy do zakup\u00f3w!\" \/>\n<meta property=\"og:url\" content=\"https:\/\/www.koro.net.pl\/es\/tienda\/\" \/>\n<meta property=\"og:site_name\" content=\"Koronet\" \/>\n<meta property=\"article:modified_time\" content=\"2026-05-08T07:01:59+00:00\" \/>\n<meta name=\"twitter:card\" content=\"summary_large_image\" \/>\n<script type=\"application\/ld+json\" class=\"yoast-schema-graph\">{\"@context\":\"https:\\\/\\\/schema.org\",\"@graph\":[{\"@type\":\"WebPage\",\"@id\":\"https:\\\/\\\/www.koro.net.pl\\\/es\\\/tienda\\\/\",\"url\":\"https:\\\/\\\/www.koro.net.pl\\\/es\\\/tienda\\\/\",\"name\":\"Tienda - Koronet\",\"isPartOf\":{\"@id\":\"https:\\\/\\\/www.koro.net.pl\\\/es\\\/#website\"},\"datePublished\":\"2023-05-05T14:41:09+00:00\",\"dateModified\":\"2026-05-08T07:01:59+00:00\",\"description\":\"Tienda - dowiedz si\u0119 wi\u0119cej na naszej stronie. Koronet \u27a4 Centrum pi\u0142 i narz\u0119dzi skrawaj\u0105cych \u2705. Zapraszamy do zakup\u00f3w!\",\"breadcrumb\":{\"@id\":\"https:\\\/\\\/www.koro.net.pl\\\/es\\\/tienda\\\/#breadcrumb\"},\"inLanguage\":\"es\",\"potentialAction\":[{\"@type\":\"ReadAction\",\"target\":[\"https:\\\/\\\/www.koro.net.pl\\\/es\\\/tienda\\\/\"]}]},{\"@type\":\"BreadcrumbList\",\"@id\":\"https:\\\/\\\/www.koro.net.pl\\\/es\\\/tienda\\\/#breadcrumb\",\"itemListElement\":[{\"@type\":\"ListItem\",\"position\":1,\"name\":\"Strona g\u0142\u00f3wna\",\"item\":\"https:\\\/\\\/www.koro.net.pl\\\/es\\\/\"},{\"@type\":\"ListItem\",\"position\":2,\"name\":\"Tienda\"}]},{\"@type\":\"WebSite\",\"@id\":\"https:\\\/\\\/www.koro.net.pl\\\/es\\\/#website\",\"url\":\"https:\\\/\\\/www.koro.net.pl\\\/es\\\/\",\"name\":\"Koronet\",\"description\":\"\",\"publisher\":{\"@id\":\"https:\\\/\\\/www.koro.net.pl\\\/es\\\/#organization\"},\"potentialAction\":[{\"@type\":\"SearchAction\",\"target\":{\"@type\":\"EntryPoint\",\"urlTemplate\":\"https:\\\/\\\/www.koro.net.pl\\\/es\\\/?s={search_term_string}\"},\"query-input\":{\"@type\":\"PropertyValueSpecification\",\"valueRequired\":true,\"valueName\":\"search_term_string\"}}],\"inLanguage\":\"es\"},{\"@type\":\"Organization\",\"@id\":\"https:\\\/\\\/www.koro.net.pl\\\/es\\\/#organization\",\"name\":\"Koronet\",\"alternateName\":\"Koronet\",\"url\":\"https:\\\/\\\/www.koro.net.pl\\\/es\\\/\",\"logo\":{\"@type\":\"ImageObject\",\"inLanguage\":\"es\",\"@id\":\"https:\\\/\\\/www.koro.net.pl\\\/es\\\/#\\\/schema\\\/logo\\\/image\\\/\",\"url\":\"https:\\\/\\\/www.koro.net.pl\\\/wp-content\\\/uploads\\\/2025\\\/02\\\/Koronet-spolka-z-o.o.png\",\"contentUrl\":\"https:\\\/\\\/www.koro.net.pl\\\/wp-content\\\/uploads\\\/2025\\\/02\\\/Koronet-spolka-z-o.o.png\",\"width\":696,\"height\":696,\"caption\":\"Koronet\"},\"image\":{\"@id\":\"https:\\\/\\\/www.koro.net.pl\\\/es\\\/#\\\/schema\\\/logo\\\/image\\\/\"}}]}<\/script>\n<!-- \/ Yoast SEO plugin. -->","yoast_head_json":{"title":"Tienda - Koronet","description":"Tienda - dowiedz si\u0119 wi\u0119cej na naszej stronie. Koronet \u27a4 Centrum pi\u0142 i narz\u0119dzi skrawaj\u0105cych \u2705. Zapraszamy do zakup\u00f3w!","robots":{"index":"noindex","follow":"follow"},"og_locale":"es_ES","og_type":"article","og_title":"Tienda - Koronet","og_description":"Tienda - dowiedz si\u0119 wi\u0119cej na naszej stronie. Koronet \u27a4 Centrum pi\u0142 i narz\u0119dzi skrawaj\u0105cych \u2705. Zapraszamy do zakup\u00f3w!","og_url":"https:\/\/www.koro.net.pl\/es\/tienda\/","og_site_name":"Koronet","article_modified_time":"2026-05-08T07:01:59+00:00","twitter_card":"summary_large_image","schema":{"@context":"https:\/\/schema.org","@graph":[{"@type":"WebPage","@id":"https:\/\/www.koro.net.pl\/es\/tienda\/","url":"https:\/\/www.koro.net.pl\/es\/tienda\/","name":"Tienda - Koronet","isPartOf":{"@id":"https:\/\/www.koro.net.pl\/es\/#website"},"datePublished":"2023-05-05T14:41:09+00:00","dateModified":"2026-05-08T07:01:59+00:00","description":"Tienda - dowiedz si\u0119 wi\u0119cej na naszej stronie. Koronet \u27a4 Centrum pi\u0142 i narz\u0119dzi skrawaj\u0105cych \u2705. Zapraszamy do zakup\u00f3w!","breadcrumb":{"@id":"https:\/\/www.koro.net.pl\/es\/tienda\/#breadcrumb"},"inLanguage":"es","potentialAction":[{"@type":"ReadAction","target":["https:\/\/www.koro.net.pl\/es\/tienda\/"]}]},{"@type":"BreadcrumbList","@id":"https:\/\/www.koro.net.pl\/es\/tienda\/#breadcrumb","itemListElement":[{"@type":"ListItem","position":1,"name":"Strona g\u0142\u00f3wna","item":"https:\/\/www.koro.net.pl\/es\/"},{"@type":"ListItem","position":2,"name":"Tienda"}]},{"@type":"WebSite","@id":"https:\/\/www.koro.net.pl\/es\/#website","url":"https:\/\/www.koro.net.pl\/es\/","name":"Koronet","description":"","publisher":{"@id":"https:\/\/www.koro.net.pl\/es\/#organization"},"potentialAction":[{"@type":"SearchAction","target":{"@type":"EntryPoint","urlTemplate":"https:\/\/www.koro.net.pl\/es\/?s={search_term_string}"},"query-input":{"@type":"PropertyValueSpecification","valueRequired":true,"valueName":"search_term_string"}}],"inLanguage":"es"},{"@type":"Organization","@id":"https:\/\/www.koro.net.pl\/es\/#organization","name":"Koronet","alternateName":"Koronet","url":"https:\/\/www.koro.net.pl\/es\/","logo":{"@type":"ImageObject","inLanguage":"es","@id":"https:\/\/www.koro.net.pl\/es\/#\/schema\/logo\/image\/","url":"https:\/\/www.koro.net.pl\/wp-content\/uploads\/2025\/02\/Koronet-spolka-z-o.o.png","contentUrl":"https:\/\/www.koro.net.pl\/wp-content\/uploads\/2025\/02\/Koronet-spolka-z-o.o.png","width":696,"height":696,"caption":"Koronet"},"image":{"@id":"https:\/\/www.koro.net.pl\/es\/#\/schema\/logo\/image\/"}}]}},"_links":{"self":[{"href":"https:\/\/www.koro.net.pl\/es\/wp-json\/wp\/v2\/pages\/9654","targetHints":{"allow":["GET"]}}],"collection":[{"href":"https:\/\/www.koro.net.pl\/es\/wp-json\/wp\/v2\/pages"}],"about":[{"href":"https:\/\/www.koro.net.pl\/es\/wp-json\/wp\/v2\/types\/page"}],"author":[{"embeddable":true,"href":"https:\/\/www.koro.net.pl\/es\/wp-json\/wp\/v2\/users\/2"}],"replies":[{"embeddable":true,"href":"https:\/\/www.koro.net.pl\/es\/wp-json\/wp\/v2\/comments?post=9654"}],"version-history":[{"count":0,"href":"https:\/\/www.koro.net.pl\/es\/wp-json\/wp\/v2\/pages\/9654\/revisions"}],"wp:attachment":[{"href":"https:\/\/www.koro.net.pl\/es\/wp-json\/wp\/v2\/media?parent=9654"}],"curies":[{"name":"wp","href":"https:\/\/api.w.org\/{rel}","templated":true}]}}