{"id":10370,"date":"2023-05-05T17:03:48","date_gmt":"2023-05-05T15:03:48","guid":{"rendered":"https:\/\/www.koro.net.pl\/produkt\/rontgen-flexback-carpenters-saw\/"},"modified":"2023-05-05T17:03:48","modified_gmt":"2023-05-05T15:03:48","slug":"rontgen-flexback-carpenters-saw","status":"publish","type":"product","link":"https:\/\/www.koro.net.pl\/en\/produkt\/rontgen-flexback-carpenters-saw\/","title":{"rendered":"R\u00d6NTGEN flexback carpenter&#8217;s saw"},"content":{"rendered":"<p>The R\u00d6NTGEN RRR flexback carbon belt has a carbide structure of 30 \u2013 50 grains per \u03bcm\u00b2. The presence of carbide granules makes the belt resistant to abrasion and flexible at the same time. <\/p>\n<p>The Rontgen RRR flexback carbon belt is recommended for cutting easy-to-process materials, with particular emphasis on wood, and wood-based panels.<\/p>\n<p>Application:<\/p>\n<p><img decoding=\"async\" class=\"alignnone size-full wp-image-337 lazyload\" data-src=\"https:\/\/sp-ao.shortpixel.ai\/client\/to_webp,q_lossy,ret_img,w_90,h_110\/https:\/\/www.koro.net.pl\/wp-content\/uploads\/2020\/03\/plytki2.png\" alt=\"\" width=\"90\" height=\"110\" src=\"data:image\/svg+xml;base64,PHN2ZyB3aWR0aD0iMSIgaGVpZ2h0PSIxIiB4bWxucz0iaHR0cDovL3d3dy53My5vcmcvMjAwMC9zdmciPjwvc3ZnPg==\" style=\"--smush-placeholder-width: 90px; --smush-placeholder-aspect-ratio: 90\/110;\"> <img decoding=\"async\" class=\"alignnone size-full wp-image-336 lazyload\" data-src=\"https:\/\/sp-ao.shortpixel.ai\/client\/to_webp,q_lossy,ret_img,w_90,h_110\/https:\/\/www.koro.net.pl\/wp-content\/uploads\/2020\/03\/solidneokragle2.png\" alt=\"\" width=\"90\" height=\"110\" src=\"data:image\/svg+xml;base64,PHN2ZyB3aWR0aD0iMSIgaGVpZ2h0PSIxIiB4bWxucz0iaHR0cDovL3d3dy53My5vcmcvMjAwMC9zdmciPjwvc3ZnPg==\" style=\"--smush-placeholder-width: 90px; --smush-placeholder-aspect-ratio: 90\/110;\"> <img decoding=\"async\" class=\"alignnone size-full wp-image-335 lazyload\" data-src=\"https:\/\/sp-ao.shortpixel.ai\/client\/to_webp,q_lossy,ret_img,w_90,h_110\/https:\/\/www.koro.net.pl\/wp-content\/uploads\/2020\/03\/male.png\" alt=\"\" width=\"90\" height=\"110\" src=\"data:image\/svg+xml;base64,PHN2ZyB3aWR0aD0iMSIgaGVpZ2h0PSIxIiB4bWxucz0iaHR0cDovL3d3dy53My5vcmcvMjAwMC9zdmciPjwvc3ZnPg==\" style=\"--smush-placeholder-width: 90px; --smush-placeholder-aspect-ratio: 90\/110;\"><\/p>\n<p><b>Tooth per inch:<\/b><\/p>\n<p>A bent tooth<\/p>\n<p><img decoding=\"async\" class=\"alignnone size-full wp-image-342 lazyload\" data-src=\"https:\/\/sp-ao.shortpixel.ai\/client\/to_webp,q_lossy,ret_img,w_637,h_195\/https:\/\/www.koro.net.pl\/wp-content\/uploads\/2020\/03\/27.jpg\" data-sizes=\"(max-width: 637px) 100vw, 637px\" data-srcset=\"https:\/\/sp-ao.shortpixel.ai\/client\/to_webp,q_lossy,ret_img,w_637\/https:\/\/www.koro.net.pl\/wp-content\/uploads\/2020\/03\/27.jpg 637w, https:\/\/sp-ao.shortpixel.ai\/client\/to_webp,q_lossy,ret_img,w_600\/https:\/\/www.koro.net.pl\/wp-content\/uploads\/2020\/03\/27-600x184.jpg 600w, https:\/\/sp-ao.shortpixel.ai\/client\/to_webp,q_lossy,ret_img,w_300\/https:\/\/www.koro.net.pl\/wp-content\/uploads\/2020\/03\/27-300x92.jpg 300w\" alt=\"\" width=\"637\" height=\"195\" src=\"data:image\/svg+xml;base64,PHN2ZyB3aWR0aD0iMSIgaGVpZ2h0PSIxIiB4bWxucz0iaHR0cDovL3d3dy53My5vcmcvMjAwMC9zdmciPjwvc3ZnPg==\" style=\"--smush-placeholder-width: 637px; --smush-placeholder-aspect-ratio: 637\/195;\"><\/p>\n<p>Normal tooth<\/p>\n<p><img decoding=\"async\" class=\"alignnone size-full wp-image-343 lazyload\" data-src=\"https:\/\/sp-ao.shortpixel.ai\/client\/to_webp,q_lossy,ret_img,w_637,h_195\/https:\/\/www.koro.net.pl\/wp-content\/uploads\/2020\/03\/28.jpg\" data-sizes=\"(max-width: 637px) 100vw, 637px\" data-srcset=\"https:\/\/sp-ao.shortpixel.ai\/client\/to_webp,q_lossy,ret_img,w_637\/https:\/\/www.koro.net.pl\/wp-content\/uploads\/2020\/03\/28.jpg 637w, https:\/\/sp-ao.shortpixel.ai\/client\/to_webp,q_lossy,ret_img,w_600\/https:\/\/www.koro.net.pl\/wp-content\/uploads\/2020\/03\/28-600x184.jpg 600w, https:\/\/sp-ao.shortpixel.ai\/client\/to_webp,q_lossy,ret_img,w_300\/https:\/\/www.koro.net.pl\/wp-content\/uploads\/2020\/03\/28-300x92.jpg 300w\" alt=\"\" width=\"637\" height=\"195\" src=\"data:image\/svg+xml;base64,PHN2ZyB3aWR0aD0iMSIgaGVpZ2h0PSIxIiB4bWxucz0iaHR0cDovL3d3dy53My5vcmcvMjAwMC9zdmciPjwvc3ZnPg==\" style=\"--smush-placeholder-width: 637px; --smush-placeholder-aspect-ratio: 637\/195;\"><\/p>\n","protected":false},"excerpt":{"rendered":"<p>The R\u00d6NTGEN RRR flexback carbon belt has a carbide structure of 30 \u2013 50 grains per \u03bcm\u00b2. The presence of carbide granules makes the belt resistant to abrasion and flexible [&hellip;]<\/p>\n","protected":false},"featured_media":10384,"template":"","meta":{"_acf_changed":false},"product_brand":[],"product_cat":[159,160],"product_tag":[],"class_list":{"0":"post-10370","1":"product","2":"type-product","3":"status-publish","4":"has-post-thumbnail","6":"product_cat-carpentry-band-saws","7":"product_cat-rontgen-carpentry-saws","8":"product_shipping_class-free-shipping-wood-saws","10":"first","11":"instock","12":"taxable","13":"shipping-taxable","14":"purchasable","15":"product-type-variable"},"acf":[],"yoast_head":"<!-- This site is optimized with the Yoast SEO plugin v27.5 - https:\/\/yoast.com\/product\/yoast-seo-wordpress\/ -->\n<title>R\u00d6NTGEN flexback carpenter&#039;s saw - Koronet<\/title>\n<meta name=\"description\" content=\"R\u00d6NTGEN flexback carpenter&#039;s saw - kup teraz w Koronet \u27a4 Szeroka gama pi\u0142, narz\u0119dzi skrawaj\u0105cych i innych \u2705. Zapraszamy!\" \/>\n<meta name=\"robots\" content=\"noindex, follow\" \/>\n<meta property=\"og:locale\" content=\"en_US\" \/>\n<meta property=\"og:type\" content=\"article\" \/>\n<meta property=\"og:title\" content=\"R\u00d6NTGEN flexback carpenter&#039;s saw - Koronet\" \/>\n<meta property=\"og:description\" content=\"R\u00d6NTGEN flexback carpenter&#039;s saw - kup teraz w Koronet \u27a4 Szeroka gama pi\u0142, narz\u0119dzi skrawaj\u0105cych i innych \u2705. Zapraszamy!\" \/>\n<meta property=\"og:url\" content=\"https:\/\/www.koro.net.pl\/en\/produkt\/rontgen-flexback-carpenters-saw\/\" \/>\n<meta property=\"og:site_name\" content=\"Koronet\" \/>\n<meta property=\"og:image\" content=\"https:\/\/www.koro.net.pl\/wp-content\/uploads\/2023\/05\/stolarska-rrr-1.jpg\" \/>\n\t<meta property=\"og:image:width\" content=\"600\" \/>\n\t<meta property=\"og:image:height\" content=\"600\" \/>\n\t<meta property=\"og:image:type\" content=\"image\/jpeg\" \/>\n<meta name=\"twitter:card\" content=\"summary_large_image\" \/>\n<script type=\"application\/ld+json\" class=\"yoast-schema-graph\">{\"@context\":\"https:\\\/\\\/schema.org\",\"@graph\":[{\"@type\":\"WebPage\",\"@id\":\"https:\\\/\\\/www.koro.net.pl\\\/en\\\/produkt\\\/rontgen-flexback-carpenters-saw\\\/\",\"url\":\"https:\\\/\\\/www.koro.net.pl\\\/en\\\/produkt\\\/rontgen-flexback-carpenters-saw\\\/\",\"name\":\"R\u00d6NTGEN flexback carpenter's saw - Koronet\",\"isPartOf\":{\"@id\":\"https:\\\/\\\/www.koro.net.pl\\\/en\\\/#website\"},\"primaryImageOfPage\":{\"@id\":\"https:\\\/\\\/www.koro.net.pl\\\/en\\\/produkt\\\/rontgen-flexback-carpenters-saw\\\/#primaryimage\"},\"image\":{\"@id\":\"https:\\\/\\\/www.koro.net.pl\\\/en\\\/produkt\\\/rontgen-flexback-carpenters-saw\\\/#primaryimage\"},\"thumbnailUrl\":\"https:\\\/\\\/www.koro.net.pl\\\/wp-content\\\/uploads\\\/2023\\\/05\\\/stolarska-rrr-1.jpg\",\"datePublished\":\"2023-05-05T15:03:48+00:00\",\"description\":\"R\u00d6NTGEN flexback carpenter's saw - kup teraz w Koronet \u27a4 Szeroka gama pi\u0142, narz\u0119dzi skrawaj\u0105cych i innych \u2705. Zapraszamy!\",\"breadcrumb\":{\"@id\":\"https:\\\/\\\/www.koro.net.pl\\\/en\\\/produkt\\\/rontgen-flexback-carpenters-saw\\\/#breadcrumb\"},\"inLanguage\":\"en-US\",\"potentialAction\":[{\"@type\":\"ReadAction\",\"target\":[\"https:\\\/\\\/www.koro.net.pl\\\/en\\\/produkt\\\/rontgen-flexback-carpenters-saw\\\/\"]}]},{\"@type\":\"ImageObject\",\"inLanguage\":\"en-US\",\"@id\":\"https:\\\/\\\/www.koro.net.pl\\\/en\\\/produkt\\\/rontgen-flexback-carpenters-saw\\\/#primaryimage\",\"url\":\"https:\\\/\\\/www.koro.net.pl\\\/wp-content\\\/uploads\\\/2023\\\/05\\\/stolarska-rrr-1.jpg\",\"contentUrl\":\"https:\\\/\\\/www.koro.net.pl\\\/wp-content\\\/uploads\\\/2023\\\/05\\\/stolarska-rrr-1.jpg\",\"width\":600,\"height\":600},{\"@type\":\"BreadcrumbList\",\"@id\":\"https:\\\/\\\/www.koro.net.pl\\\/en\\\/produkt\\\/rontgen-flexback-carpenters-saw\\\/#breadcrumb\",\"itemListElement\":[{\"@type\":\"ListItem\",\"position\":1,\"name\":\"Strona g\u0142\u00f3wna\",\"item\":\"https:\\\/\\\/www.koro.net.pl\\\/en\\\/\"},{\"@type\":\"ListItem\",\"position\":2,\"name\":\"Carpentry band saws\",\"item\":\"https:\\\/\\\/www.koro.net.pl\\\/en\\\/produkty\\\/carpentry-band-saws\\\/\"},{\"@type\":\"ListItem\",\"position\":3,\"name\":\"R\u00d6NTGEN carpentry saws\",\"item\":\"https:\\\/\\\/www.koro.net.pl\\\/en\\\/produkty\\\/rontgen-carpentry-saws\\\/\"},{\"@type\":\"ListItem\",\"position\":4,\"name\":\"R\u00d6NTGEN flexback carpenter&#8217;s saw\"}]},{\"@type\":\"WebSite\",\"@id\":\"https:\\\/\\\/www.koro.net.pl\\\/en\\\/#website\",\"url\":\"https:\\\/\\\/www.koro.net.pl\\\/en\\\/\",\"name\":\"Koronet\",\"description\":\"\",\"publisher\":{\"@id\":\"https:\\\/\\\/www.koro.net.pl\\\/en\\\/#organization\"},\"potentialAction\":[{\"@type\":\"SearchAction\",\"target\":{\"@type\":\"EntryPoint\",\"urlTemplate\":\"https:\\\/\\\/www.koro.net.pl\\\/en\\\/?s={search_term_string}\"},\"query-input\":{\"@type\":\"PropertyValueSpecification\",\"valueRequired\":true,\"valueName\":\"search_term_string\"}}],\"inLanguage\":\"en-US\"},{\"@type\":\"Organization\",\"@id\":\"https:\\\/\\\/www.koro.net.pl\\\/en\\\/#organization\",\"name\":\"Koronet\",\"alternateName\":\"Koronet\",\"url\":\"https:\\\/\\\/www.koro.net.pl\\\/en\\\/\",\"logo\":{\"@type\":\"ImageObject\",\"inLanguage\":\"en-US\",\"@id\":\"https:\\\/\\\/www.koro.net.pl\\\/en\\\/#\\\/schema\\\/logo\\\/image\\\/\",\"url\":\"https:\\\/\\\/www.koro.net.pl\\\/wp-content\\\/uploads\\\/2025\\\/02\\\/Koronet-spolka-z-o.o.png\",\"contentUrl\":\"https:\\\/\\\/www.koro.net.pl\\\/wp-content\\\/uploads\\\/2025\\\/02\\\/Koronet-spolka-z-o.o.png\",\"width\":696,\"height\":696,\"caption\":\"Koronet\"},\"image\":{\"@id\":\"https:\\\/\\\/www.koro.net.pl\\\/en\\\/#\\\/schema\\\/logo\\\/image\\\/\"}}]}<\/script>\n<!-- \/ Yoast SEO plugin. -->","yoast_head_json":{"title":"R\u00d6NTGEN flexback carpenter's saw - Koronet","description":"R\u00d6NTGEN flexback carpenter's saw - kup teraz w Koronet \u27a4 Szeroka gama pi\u0142, narz\u0119dzi skrawaj\u0105cych i innych \u2705. Zapraszamy!","robots":{"index":"noindex","follow":"follow"},"og_locale":"en_US","og_type":"article","og_title":"R\u00d6NTGEN flexback carpenter's saw - Koronet","og_description":"R\u00d6NTGEN flexback carpenter's saw - kup teraz w Koronet \u27a4 Szeroka gama pi\u0142, narz\u0119dzi skrawaj\u0105cych i innych \u2705. Zapraszamy!","og_url":"https:\/\/www.koro.net.pl\/en\/produkt\/rontgen-flexback-carpenters-saw\/","og_site_name":"Koronet","og_image":[{"width":600,"height":600,"url":"https:\/\/www.koro.net.pl\/wp-content\/uploads\/2023\/05\/stolarska-rrr-1.jpg","type":"image\/jpeg"}],"twitter_card":"summary_large_image","schema":{"@context":"https:\/\/schema.org","@graph":[{"@type":"WebPage","@id":"https:\/\/www.koro.net.pl\/en\/produkt\/rontgen-flexback-carpenters-saw\/","url":"https:\/\/www.koro.net.pl\/en\/produkt\/rontgen-flexback-carpenters-saw\/","name":"R\u00d6NTGEN flexback carpenter's saw - Koronet","isPartOf":{"@id":"https:\/\/www.koro.net.pl\/en\/#website"},"primaryImageOfPage":{"@id":"https:\/\/www.koro.net.pl\/en\/produkt\/rontgen-flexback-carpenters-saw\/#primaryimage"},"image":{"@id":"https:\/\/www.koro.net.pl\/en\/produkt\/rontgen-flexback-carpenters-saw\/#primaryimage"},"thumbnailUrl":"https:\/\/www.koro.net.pl\/wp-content\/uploads\/2023\/05\/stolarska-rrr-1.jpg","datePublished":"2023-05-05T15:03:48+00:00","description":"R\u00d6NTGEN flexback carpenter's saw - kup teraz w Koronet \u27a4 Szeroka gama pi\u0142, narz\u0119dzi skrawaj\u0105cych i innych \u2705. Zapraszamy!","breadcrumb":{"@id":"https:\/\/www.koro.net.pl\/en\/produkt\/rontgen-flexback-carpenters-saw\/#breadcrumb"},"inLanguage":"en-US","potentialAction":[{"@type":"ReadAction","target":["https:\/\/www.koro.net.pl\/en\/produkt\/rontgen-flexback-carpenters-saw\/"]}]},{"@type":"ImageObject","inLanguage":"en-US","@id":"https:\/\/www.koro.net.pl\/en\/produkt\/rontgen-flexback-carpenters-saw\/#primaryimage","url":"https:\/\/www.koro.net.pl\/wp-content\/uploads\/2023\/05\/stolarska-rrr-1.jpg","contentUrl":"https:\/\/www.koro.net.pl\/wp-content\/uploads\/2023\/05\/stolarska-rrr-1.jpg","width":600,"height":600},{"@type":"BreadcrumbList","@id":"https:\/\/www.koro.net.pl\/en\/produkt\/rontgen-flexback-carpenters-saw\/#breadcrumb","itemListElement":[{"@type":"ListItem","position":1,"name":"Strona g\u0142\u00f3wna","item":"https:\/\/www.koro.net.pl\/en\/"},{"@type":"ListItem","position":2,"name":"Carpentry band saws","item":"https:\/\/www.koro.net.pl\/en\/produkty\/carpentry-band-saws\/"},{"@type":"ListItem","position":3,"name":"R\u00d6NTGEN carpentry saws","item":"https:\/\/www.koro.net.pl\/en\/produkty\/rontgen-carpentry-saws\/"},{"@type":"ListItem","position":4,"name":"R\u00d6NTGEN flexback carpenter&#8217;s saw"}]},{"@type":"WebSite","@id":"https:\/\/www.koro.net.pl\/en\/#website","url":"https:\/\/www.koro.net.pl\/en\/","name":"Koronet","description":"","publisher":{"@id":"https:\/\/www.koro.net.pl\/en\/#organization"},"potentialAction":[{"@type":"SearchAction","target":{"@type":"EntryPoint","urlTemplate":"https:\/\/www.koro.net.pl\/en\/?s={search_term_string}"},"query-input":{"@type":"PropertyValueSpecification","valueRequired":true,"valueName":"search_term_string"}}],"inLanguage":"en-US"},{"@type":"Organization","@id":"https:\/\/www.koro.net.pl\/en\/#organization","name":"Koronet","alternateName":"Koronet","url":"https:\/\/www.koro.net.pl\/en\/","logo":{"@type":"ImageObject","inLanguage":"en-US","@id":"https:\/\/www.koro.net.pl\/en\/#\/schema\/logo\/image\/","url":"https:\/\/www.koro.net.pl\/wp-content\/uploads\/2025\/02\/Koronet-spolka-z-o.o.png","contentUrl":"https:\/\/www.koro.net.pl\/wp-content\/uploads\/2025\/02\/Koronet-spolka-z-o.o.png","width":696,"height":696,"caption":"Koronet"},"image":{"@id":"https:\/\/www.koro.net.pl\/en\/#\/schema\/logo\/image\/"}}]}},"_links":{"self":[{"href":"https:\/\/www.koro.net.pl\/en\/wp-json\/wp\/v2\/product\/10370","targetHints":{"allow":["GET"]}}],"collection":[{"href":"https:\/\/www.koro.net.pl\/en\/wp-json\/wp\/v2\/product"}],"about":[{"href":"https:\/\/www.koro.net.pl\/en\/wp-json\/wp\/v2\/types\/product"}],"wp:featuredmedia":[{"embeddable":true,"href":"https:\/\/www.koro.net.pl\/en\/wp-json\/wp\/v2\/media\/10384"}],"wp:attachment":[{"href":"https:\/\/www.koro.net.pl\/en\/wp-json\/wp\/v2\/media?parent=10370"}],"wp:term":[{"taxonomy":"product_brand","embeddable":true,"href":"https:\/\/www.koro.net.pl\/en\/wp-json\/wp\/v2\/product_brand?post=10370"},{"taxonomy":"product_cat","embeddable":true,"href":"https:\/\/www.koro.net.pl\/en\/wp-json\/wp\/v2\/product_cat?post=10370"},{"taxonomy":"product_tag","embeddable":true,"href":"https:\/\/www.koro.net.pl\/en\/wp-json\/wp\/v2\/product_tag?post=10370"}],"curies":[{"name":"wp","href":"https:\/\/api.w.org\/{rel}","templated":true}]}}